{"id":762,"date":"2025-08-20T18:57:52","date_gmt":"2025-08-20T16:57:52","guid":{"rendered":"http:\/\/www.cspop.ch\/new\/?page_id=762"},"modified":"2025-08-21T15:22:53","modified_gmt":"2025-08-21T13:22:53","slug":"nos-engagement","status":"publish","type":"page","link":"http:\/\/www.cspop.ch\/new\/nos-engagement\/","title":{"rendered":"Contrat de l\u00e9gislature"},"content":{"rendered":"\t\t<div data-elementor-type=\"wp-page\" data-elementor-id=\"762\" class=\"elementor elementor-762\">\n\t\t\t\t<div class=\"elementor-element elementor-element-fe88b73 e-flex e-con-boxed e-con e-parent\" data-id=\"fe88b73\" data-element_type=\"container\">\n\t\t\t\t\t<div class=\"e-con-inner\">\n\t\t\t\t<div class=\"elementor-element elementor-element-99d4011 elementor-widget elementor-widget-heading\" data-id=\"99d4011\" data-element_type=\"widget\" data-widget_type=\"heading.default\">\n\t\t\t\t\t<h2 class=\"elementor-heading-title elementor-size-default\">Contrat de l\u00e9gislature<\/h2>\t\t\t\t<\/div>\n\t\t\t\t\t<\/div>\n\t\t\t\t<\/div>\n\t\t<div class=\"elementor-element elementor-element-993672c e-flex e-con-boxed e-con e-parent\" data-id=\"993672c\" data-element_type=\"container\">\n\t\t\t\t\t<div class=\"e-con-inner\">\n\t\t\t\t<div class=\"elementor-element elementor-element-919e6fc elementor-widget elementor-widget-text-editor\" data-id=\"919e6fc\" data-element_type=\"widget\" data-widget_type=\"text-editor.default\">\n\t\t\t\t\t\t\t\t\t<p><span style=\"color: #ff0000;\"><strong>NOUS VIVONS UNE P\u00c9RIODE DE CRISES MULTIPLES\u2009: SOCIALE, CLIMATIQUE ET D\u00c9MOCRATIQUE.<\/strong><\/span><br \/><span style=\"color: #ff0000;\"><strong>CES CRISES SONT PROVOQU\u00c9ES PAR LA RECHERCHE DU PROFIT \u00c0 TOUT PRIX. AUCUNE R\u00c9PONSE \u00c0 CES CRISES <\/strong><\/span><br \/><span style=\"color: #ff0000;\"><strong>NE SE TROUVE DANS LE CAPITALISME. UNE BIFURCATION EST N\u00c9CESSAIRE, DANS TOUS LES DOMAINES.<\/strong><\/span><br \/><span style=\"color: #ff0000;\"><strong>R\u00caVER UNE VIE MEILLEURE N\u2019EST PAS INTERDIT. Y ARRIVER CONCR\u00c8TEMENT EXIGE DE LUTTER.<\/strong><\/span><br \/><span style=\"color: #ff0000;\"><strong>NOTRE SLOGAN, \u00abPR\u00c9AVIS DE R\u00caVE\u00bb, R\u00c9SUME CETTE VOLONT\u00c9 POLITIQUE ET D\u00c9MOCRATIQUE.<\/strong><\/span><\/p><p><span style=\"color: #ff0000;\"><strong>NOS BLOCS TH\u00c9MATIQUES<\/strong><\/span><\/p><p><strong><span style=\"color: #ff0000;\">\u2022<\/span> <\/strong>Pouvoir d\u2019achat, travail et pr\u00e9carit\u00e9s<\/p><p><strong><span style=\"color: #ff0000;\">\u2022<\/span><\/strong> D\u00e9mocratie et \u00e9galit\u00e9<\/p><p><strong><span style=\"color: #ff0000;\">\u2022<\/span><\/strong> Climat et \u00e9conomie solidaire<\/p><p><strong><span style=\"color: #ff0000;\">\u2022<\/span><\/strong> Services publics et administration cantonale<\/p><p><strong><span style=\"color: #ff0000;\">\u2022<\/span><\/strong> D\u00e9veloppement \u00e9conomique et num\u00e9risation<\/p><p><strong><span style=\"color: #ff0000;\">QUELQUES-UNES DE NOS PRIORIT\u00c9S POLITIQUES<\/span><\/strong><\/p><p><strong><span style=\"color: #ff0000;\">\u2022<\/span><\/strong> Logement: d\u00e9veloppement des coop\u00e9ratives d\u2019habitation, blocage des loyers et des logiques sp\u00e9culatives <br \/>\u00e0 l\u2019\u0153uvre dans le canton;<\/p><p><strong><span style=\"color: #ff0000;\">\u2022<\/span><\/strong> D\u00e9velopper une r\u00e9elle strat\u00e9gie de lutte contre les pr\u00e9carit\u00e9s; augmenter les salaires et les allocations familiales;<\/p><p><strong><span style=\"color: #ff0000;\">\u2022<\/span><\/strong> Revaloriser les m\u00e9tiers du \u00abcare\u00bb;<\/p><p><strong><span style=\"color: #ff0000;\">\u2022<\/span><\/strong> Cr\u00e9er un centre de comp\u00e9tence cantonal dans les low-tech et en faire une priorit\u00e9 dans les aides <br \/>au d\u00e9veloppement \u00e9conomique;<\/p><p><strong><span style=\"color: #ff0000;\">\u2022<\/span><\/strong> Cr\u00e9er et subventionner une \u00abfili\u00e8re alimentaire jurassienne\u00bb et lancer un exp\u00e9rience pilote de s\u00e9curit\u00e9 <br \/>sociale alimentaire;<\/p><p><strong><span style=\"color: #ff0000;\">\u2022<\/span><\/strong> Soutenir les d\u00e9veloppements \u00e9conomiques alternatifs et solidaires (coop\u00e9ratives);<\/p><p><strong><span style=\"color: #ff0000;\">\u2022<\/span><\/strong> Limiter les mandats politiques et interdire les cumuls;<\/p><p><strong><span style=\"color: #ff0000;\">\u2022<\/span><\/strong> Introduire le mandat imp\u00e9ratif pour les membres du Gouvernement;<\/p><p><strong><span style=\"color: #ff0000;\">\u2022<\/span><\/strong> Convoquer des conventions citoyennes th\u00e9matiques sur les sujets strat\u00e9giques;<\/p><p><strong><span style=\"color: #ff0000;\">\u2022<\/span><\/strong> Limiter et contr\u00f4ler l\u2019usage de l\u2019intelligence artificielle dans tous les domaines sous responsabilit\u00e9 de l\u2019Etat <br \/>(administration; services publics, sant\u00e9 \u00e9ducation, etc\u2026)<\/p>\t\t\t\t\t\t\t\t<\/div>\n\t\t\t\t\t<\/div>\n\t\t\t\t<\/div>\n\t\t\t\t<\/div>\n\t\t","protected":false},"excerpt":{"rendered":"<p>Contrat de l\u00e9gislature NOUS VIVONS UNE P\u00c9RIODE DE CRISES MULTIPLES\u2009: SOCIALE, CLIMATIQUE ET D\u00c9MOCRATIQUE.CES CRISES SONT PROVOQU\u00c9ES PAR LA RECHERCHE DU PROFIT \u00c0 TOUT PRIX. AUCUNE R\u00c9PONSE \u00c0 CES CRISES NE SE TROUVE DANS LE CAPITALISME. UNE BIFURCATION EST N\u00c9CESSAIRE, DANS TOUS LES DOMAINES.R\u00caVER UNE VIE MEILLEURE N\u2019EST PAS INTERDIT. Y ARRIVER CONCR\u00c8TEMENT EXIGE DE [&hellip;]<\/p>\n","protected":false},"author":1,"featured_media":0,"parent":0,"menu_order":0,"comment_status":"closed","ping_status":"closed","template":"","meta":{"footnotes":""},"class_list":["post-762","page","type-page","status-publish","hentry"],"_links":{"self":[{"href":"http:\/\/www.cspop.ch\/new\/wp-json\/wp\/v2\/pages\/762","targetHints":{"allow":["GET"]}}],"collection":[{"href":"http:\/\/www.cspop.ch\/new\/wp-json\/wp\/v2\/pages"}],"about":[{"href":"http:\/\/www.cspop.ch\/new\/wp-json\/wp\/v2\/types\/page"}],"author":[{"embeddable":true,"href":"http:\/\/www.cspop.ch\/new\/wp-json\/wp\/v2\/users\/1"}],"replies":[{"embeddable":true,"href":"http:\/\/www.cspop.ch\/new\/wp-json\/wp\/v2\/comments?post=762"}],"version-history":[{"count":22,"href":"http:\/\/www.cspop.ch\/new\/wp-json\/wp\/v2\/pages\/762\/revisions"}],"predecessor-version":[{"id":831,"href":"http:\/\/www.cspop.ch\/new\/wp-json\/wp\/v2\/pages\/762\/revisions\/831"}],"wp:attachment":[{"href":"http:\/\/www.cspop.ch\/new\/wp-json\/wp\/v2\/media?parent=762"}],"curies":[{"name":"wp","href":"https:\/\/api.w.org\/{rel}","templated":true}]}}