{"id":755,"date":"2025-08-20T18:39:02","date_gmt":"2025-08-20T16:39:02","guid":{"rendered":"http:\/\/www.cspop.ch\/new\/?page_id=755"},"modified":"2025-08-20T19:58:55","modified_gmt":"2025-08-20T17:58:55","slug":"au-gouvernement-2","status":"publish","type":"page","link":"http:\/\/www.cspop.ch\/new\/au-gouvernement-2\/","title":{"rendered":"Au Gouvernement"},"content":{"rendered":"\t\t<div data-elementor-type=\"wp-page\" data-elementor-id=\"755\" class=\"elementor elementor-755\">\n\t\t\t\t<div class=\"elementor-element elementor-element-57a30eee e-flex e-con-boxed e-con e-parent\" data-id=\"57a30eee\" data-element_type=\"container\">\n\t\t\t\t\t<div class=\"e-con-inner\">\n\t\t\t\t<div class=\"elementor-element elementor-element-f5bcd84 elementor-widget elementor-widget-heading\" data-id=\"f5bcd84\" data-element_type=\"widget\" data-widget_type=\"heading.default\">\n\t\t\t\t\t<h2 class=\"elementor-heading-title elementor-size-default\">Au Gouvernement<\/h2>\t\t\t\t<\/div>\n\t\t\t\t<div class=\"elementor-element elementor-element-b59db80 elementor-widget__width-initial elementor-widget elementor-widget-heading\" data-id=\"b59db80\" data-element_type=\"widget\" data-widget_type=\"heading.default\">\n\t\t\t\t\t<h4 class=\"elementor-heading-title elementor-size-default\">EN CAS D\u2019\u00c9LECTION AU GOUVERNEMENT\nNOUS NOUS ENGAGEONS \u00c0\u2009:<\/h4>\t\t\t\t<\/div>\n\t\t\t\t\t<\/div>\n\t\t\t\t<\/div>\n\t\t<div class=\"elementor-element elementor-element-7f3e05d e-flex e-con-boxed e-con e-parent\" data-id=\"7f3e05d\" data-element_type=\"container\">\n\t\t\t\t\t<div class=\"e-con-inner\">\n\t\t\t\t<div class=\"elementor-element elementor-element-67612e1 elementor-widget elementor-widget-text-editor\" data-id=\"67612e1\" data-element_type=\"widget\" data-widget_type=\"text-editor.default\">\n\t\t\t\t\t\t\t\t\t<p><span style=\"color: #ff0000;\">\u00a0<strong>\u2022<\/strong><\/span> organiser une permanence populaire mensuelle dans des lieux publics (quartiers, bistrots ou autre)<\/p><p><strong><span style=\"color: #ff0000;\">\u2022<\/span><\/strong> mettre en place des s\u00e9ances r\u00e9guli\u00e8res avec les syndicats et les repr\u00e9sentant.es du personnel de l\u2019ensemble des services publics\u2009;<\/p><p><strong><span style=\"color: #ff0000;\">\u2022<\/span> <\/strong>permettre le d\u00e9veloppement d\u2019id\u00e9es alternatives dans la soci\u00e9t\u00e9 civile, en soutenant l\u2019\u00e9mergence de projets citoyens innovants\u2009;<\/p><p><span style=\"color: #ff0000;\"><strong>\u2022<\/strong><\/span> anonymiser les processus de s\u00e9lection au sein de l\u2019administration publique pour en d\u00e9mocratiser le fonctionnement et ainsi \u00e9viter toute collusion entre celle-ci et les partis\u2009;<\/p><p><span style=\"color: #ff0000;\"><strong>\u2022<\/strong><\/span> ne pas nous accrocher \u00e0 notre si\u00e8ge plus de deux l\u00e9gislatures (limitation des mandats)\u2009;<\/p><p><span style=\"color: #ff0000;\"><strong>\u2022<\/strong><\/span> proposer une loi interdisant le pantouflage entre secteurs publics et priv\u00e9s afin de garantir la pr\u00e9servation des int\u00e9r\u00eats de l\u2019Etat et donc de la population\u2009;<\/p><p><span style=\"color: #ff0000;\"><strong>\u2022<\/strong><\/span> proposer la cr\u00e9ation d\u2019un service de l\u2019action sociale et de la sant\u00e9 pour am\u00e9liorer les prestations \u00e0 la population, tout en faisant des \u00e9conomies d\u2019\u00e9chelle via la mutualisation des ressources\u2009;<\/p><p><span style=\"color: #ff0000;\"><strong>\u2022<\/strong><\/span> proposer de transformer le service de la promotion \u00e9conomique en service de l\u2019\u00e9conomie durable et des entreprise responsables\u2009;<\/p><p><strong><span style=\"color: #ff0000;\">\u2022<\/span><\/strong> accueillir Moutier dans de bonnes conditions et soutenir Belprahon dans ses d\u00e9marches d\u2019ind\u00e9pendance, si tel est le souhait de sa population\u2009;<\/p><p><strong><span style=\"color: #ff0000;\">\u2022<\/span><\/strong> soutenir les mouvements sociaux en lutte pour l\u2019\u00e9galit\u00e9 et la justice sociale et climatique\u2009;<\/p><p><strong><span style=\"color: #ff0000;\">\u2022<\/span><\/strong> combattre l\u2019id\u00e9ologie d\u2019extr\u00eame-droite et son opportunisme. Ainsi, nous n\u2019oublions pas que l\u2019UDC de Moutier traitait la population jurassienne de \u00ab\u2009rats\u2009\u00bb en 2017, alors qu\u2019ils veulent \u00eatre \u00e9lus au Parlement jurassien cet automne\u2009;<\/p><p><strong><span style=\"color: #ff0000;\">\u2022<\/span><\/strong> continuer le combat pour la fi n du g\u00e9nocide \u00e0 Gaza et l\u2019autod\u00e9termination du peuple palestinien, dans la tradition de coop\u00e9ration internationale ch\u00e8re \u00e0 notre canton depuis son entr\u00e9e en souverainet\u00e9\u2009;<\/p><p><strong><span style=\"color: #ff0000;\">\u2022<\/span><\/strong> d\u00e9fendre le contrat de l\u00e9gislature 2025 de CS-POP et Gauche en mouvement au Gouvernement, devant le Parlement et la soci\u00e9t\u00e9 jurassienne\u2009;<\/p>\t\t\t\t\t\t\t\t<\/div>\n\t\t\t\t\t<\/div>\n\t\t\t\t<\/div>\n\t\t\t\t<\/div>\n\t\t","protected":false},"excerpt":{"rendered":"<p>Au Gouvernement EN CAS D\u2019\u00c9LECTION AU GOUVERNEMENT NOUS NOUS ENGAGEONS \u00c0\u2009: \u00a0\u2022 organiser une permanence populaire mensuelle dans des lieux publics (quartiers, bistrots ou autre) \u2022 mettre en place des s\u00e9ances r\u00e9guli\u00e8res avec les syndicats et les repr\u00e9sentant.es du personnel de l\u2019ensemble des services publics\u2009; \u2022 permettre le d\u00e9veloppement d\u2019id\u00e9es alternatives dans la soci\u00e9t\u00e9 civile, [&hellip;]<\/p>\n","protected":false},"author":1,"featured_media":0,"parent":0,"menu_order":0,"comment_status":"closed","ping_status":"closed","template":"","meta":{"footnotes":""},"class_list":["post-755","page","type-page","status-publish","hentry"],"_links":{"self":[{"href":"http:\/\/www.cspop.ch\/new\/wp-json\/wp\/v2\/pages\/755","targetHints":{"allow":["GET"]}}],"collection":[{"href":"http:\/\/www.cspop.ch\/new\/wp-json\/wp\/v2\/pages"}],"about":[{"href":"http:\/\/www.cspop.ch\/new\/wp-json\/wp\/v2\/types\/page"}],"author":[{"embeddable":true,"href":"http:\/\/www.cspop.ch\/new\/wp-json\/wp\/v2\/users\/1"}],"replies":[{"embeddable":true,"href":"http:\/\/www.cspop.ch\/new\/wp-json\/wp\/v2\/comments?post=755"}],"version-history":[{"count":13,"href":"http:\/\/www.cspop.ch\/new\/wp-json\/wp\/v2\/pages\/755\/revisions"}],"predecessor-version":[{"id":822,"href":"http:\/\/www.cspop.ch\/new\/wp-json\/wp\/v2\/pages\/755\/revisions\/822"}],"wp:attachment":[{"href":"http:\/\/www.cspop.ch\/new\/wp-json\/wp\/v2\/media?parent=755"}],"curies":[{"name":"wp","href":"https:\/\/api.w.org\/{rel}","templated":true}]}}